{"id":1484,"date":"2026-01-12T16:55:54","date_gmt":"2026-01-12T16:55:54","guid":{"rendered":"https:\/\/ilesouslevent.com\/terms-of-sale\/"},"modified":"2026-04-03T12:26:44","modified_gmt":"2026-04-03T12:26:44","slug":"terms-of-sale","status":"publish","type":"page","link":"https:\/\/ilesouslevent.com\/en\/terms-of-sale\/","title":{"rendered":"Terms of Sale"},"content":{"rendered":"<p>[et_pb_section fb_built=&#8221;1&#8243; _builder_version=&#8221;4.27.5&#8243; _module_preset=&#8221;default&#8221; background_image=&#8221;https:\/\/ilesouslevent.com\/wp-content\/uploads\/2026\/01\/mentions-legales.webp&#8221; parallax=&#8221;on&#8221; parallax_method=&#8221;off&#8221; min_height=&#8221;500px&#8221; min_height_tablet=&#8221;300px&#8221; min_height_phone=&#8221;200px&#8221; min_height_last_edited=&#8221;on|phone&#8221; background_last_edited=&#8221;off|desktop&#8221; parallax_tablet=&#8221;off&#8221; parallax_phone=&#8221;off&#8221; background_position_tablet=&#8221;top_center&#8221; background_vertical_offset_tablet=&#8221;23%&#8221; da_disable_devices=&#8221;off|off|off&#8221; global_colors_info=&#8221;{}&#8221; da_is_popup=&#8221;off&#8221; da_exit_intent=&#8221;off&#8221; da_has_close=&#8221;on&#8221; da_alt_close=&#8221;off&#8221; da_dark_close=&#8221;off&#8221; da_not_modal=&#8221;on&#8221; da_is_singular=&#8221;off&#8221; da_with_loader=&#8221;off&#8221; da_has_shadow=&#8221;on&#8221;][\/et_pb_section][et_pb_section fb_built=&#8221;1&#8243; custom_padding_last_edited=&#8221;on|phone&#8221; _builder_version=&#8221;4.27.5&#8243; _module_preset=&#8221;default&#8221; custom_padding=&#8221;20px||||false|false&#8221; custom_padding_tablet=&#8221;0px||0px||true|false&#8221; custom_padding_phone=&#8221;0px||0px||true|false&#8221; da_disable_devices=&#8221;off|off|off&#8221; global_colors_info=&#8221;{}&#8221; da_is_popup=&#8221;off&#8221; da_exit_intent=&#8221;off&#8221; da_has_close=&#8221;on&#8221; da_alt_close=&#8221;off&#8221; da_dark_close=&#8221;off&#8221; da_not_modal=&#8221;on&#8221; da_is_singular=&#8221;off&#8221; da_with_loader=&#8221;off&#8221; da_has_shadow=&#8221;on&#8221;][et_pb_row _builder_version=&#8221;4.27.4&#8243; _module_preset=&#8221;default&#8221; global_colors_info=&#8221;{}&#8221;][et_pb_column type=&#8221;4_4&#8243; _builder_version=&#8221;4.27.4&#8243; _module_preset=&#8221;default&#8221; global_colors_info=&#8221;{}&#8221;][et_pb_text _builder_version=&#8221;4.27.5&#8243; _module_preset=&#8221;default&#8221; text_font=&#8221;&#8211;et_global_heading_font||||||||&#8221; text_font_size=&#8221;22px&#8221; text_line_height=&#8221;1.71em&#8221; header_2_text_color=&#8221;#35322F&#8221; header_2_font_size=&#8221;22px&#8221; custom_margin=&#8221;||5px||false|false&#8221; global_colors_info=&#8221;{}&#8221;]<\/p>\n<p>L&#8217;\u00cele Sous Le Vent<\/p>\n<p>[\/et_pb_text][et_pb_text _builder_version=&#8221;4.27.5&#8243; _module_preset=&#8221;default&#8221; header_font=&#8221;&#8211;et_global_body_font|600|||||||&#8221; header_text_color=&#8221;#C7D3D9&#8243; header_font_size=&#8221;32px&#8221; custom_margin_tablet=&#8221;&#8221; custom_margin_phone=&#8221;||10px||false|false&#8221; custom_margin_last_edited=&#8221;on|phone&#8221; header_font_size_tablet=&#8221;30px&#8221; header_font_size_phone=&#8221;30px&#8221; header_font_size_last_edited=&#8221;on|phone&#8221; header_2_font_size_tablet=&#8221;&#8221; header_2_font_size_phone=&#8221;&#8221; header_2_font_size_last_edited=&#8221;on|phone&#8221; global_colors_info=&#8221;{}&#8221;]<\/p>\n<h1>Terms of Sale<\/h1>\n<p>[\/et_pb_text][et_pb_divider color=&#8221;#35322F&#8221; _builder_version=&#8221;4.27.5&#8243; _module_preset=&#8221;default&#8221; width=&#8221;10%&#8221; custom_margin_tablet=&#8221;&#8221; custom_margin_phone=&#8221;||0px||false|false&#8221; custom_margin_last_edited=&#8221;on|tablet&#8221; global_colors_info=&#8221;{}&#8221;][\/et_pb_divider][et_pb_text _builder_version=&#8221;4.27.5&#8243; _module_preset=&#8221;default&#8221; header_2_font_size=&#8221;28px&#8221; header_2_font_size_last_edited=&#8221;off|desktop&#8221; global_colors_info=&#8221;{}&#8221;]<\/p>\n<h2 style=\"text-align: left;\">Booking Guarantees for Your Stay<\/h2>\n<p>[\/et_pb_text][et_pb_text _builder_version=&#8221;4.27.6&#8243; _module_preset=&#8221;default&#8221; header_2_font_size=&#8221;25px&#8221; header_3_font=&#8221;&#8211;et_global_body_font||||||||&#8221; header_3_font_size=&#8221;20px&#8221; header_3_line_height=&#8221;2em&#8221; hover_enabled=&#8221;0&#8243; header_2_font_size_last_edited=&#8221;off|desktop&#8221; global_colors_info=&#8221;{}&#8221; sticky_enabled=&#8221;0&#8243;]<\/p>\n<p>&gt; A secure payment link (<span class=\"s1\">from Sogecommerce.soci\u00e9t\u00e9g\u00e9n\u00e9rale.eu) will <\/span>be sent to you<span class=\"Apple-converted-space\"> <\/span>on the day you book; you will be asked to pay 30% of the accommodation amount.<\/p>\n<p>&gt; A second secure payment link will also be emailed to you 1 month before<span class=\"Apple-converted-space\"> <\/span>your arrival date to pay the remaining balance of your stay.<\/p>\n<p>&gt; For reservations made within 30 days before your arrival date, the total amount of your stay will be requested via a secure payment link or by direct debit from your credit card.<\/p>\n<p>&gt; For reservations made within 7 days before your arrival date, the total cost of the nights will be charged to your credit card.<\/p>\n<p class=\"p4\">If you would like to pay all or part of your stay with ANCV holiday vouchers or Ch\u00e8ques Vacances Connect, please contact reception on<span class=\"Apple-converted-space\"> <\/span>05 46 09 60 53 for details.<\/p>\n<p class=\"p4\">In the final confirmation of your booking, you can insure your stay through our partner Gritchen Affinity Portal.<\/p>\n<p class=\"p7\"><i>Stays with &#8220;Promotional Offers&#8221; or &#8220;Discount Offers&#8221; must be paid in full at the time of booking via a secure payment link that will be sent to you, or by charging your bank card<span class=\"Apple-converted-space\"> <\/span>if arrival is scheduled within 7 days of the booking date.<\/i><\/p>\n<p>[\/et_pb_text][et_pb_text _builder_version=&#8221;4.27.5&#8243; _module_preset=&#8221;default&#8221; header_2_font_size=&#8221;28px&#8221; header_2_font_size_last_edited=&#8221;off|desktop&#8221; global_colors_info=&#8221;{}&#8221;]<\/p>\n<h2>Cancellation Policy<\/h2>\n<p>[\/et_pb_text][et_pb_text _builder_version=&#8221;4.27.6&#8243; _module_preset=&#8221;default&#8221; header_2_font_size=&#8221;25px&#8221; header_3_font=&#8221;&#8211;et_global_body_font||||||||&#8221; header_3_font_size=&#8221;20px&#8221; header_3_line_height=&#8221;2em&#8221; hover_enabled=&#8221;0&#8243; header_2_font_size_last_edited=&#8221;off|desktop&#8221; global_colors_info=&#8221;{}&#8221; sticky_enabled=&#8221;0&#8243;]<\/p>\n<p class=\"p1\">Below you will find the fees charged in the event of cancellation.<\/p>\n<p class=\"p1\">If your booking includes booking fees, please note that these are refundable under certain conditions.<\/p>\n<p class=\"p1\">It is recommended to cancel as soon as possible once the reason for cancellation arises.<\/p>\n<h3 style=\"text-align: left;\">Cancellation Fees<\/h3>\n<p class=\"p1\"><span class=\"s1\">If you cancel<span class=\"Apple-converted-space\"> <\/span>on the day of arrival or in the event of a no-show at the hotel, 100% of the booking will be charged and is non-refundable.<\/span><\/p>\n<p class=\"p1\"><span class=\"s1\">In the event of cancellation, if you have paid online for all or part of the booking, this amount will be refunded to you after deduction of cancellation fees according to the following conditions (except for non-cancellable, non-refundable offers):  <\/span><\/p>\n<p class=\"p3\">Cancellation and changes (any cancellation or change to your stay must be made by phone<span class=\"Apple-converted-space\"> <\/span>and email):<\/p>\n<p>&gt; Cancellation 1 month before the arrival date: the 30% deposit paid is forfeited.<\/p>\n<p>&gt; Cancellation of all or part of the stay between 30 and 21 days before the arrival date: 50% of the cancelled stay is due. No request to postpone or refund will be considered. <\/p>\n<p>&gt; Cancellation of all or part of the stay between<span class=\"Apple-converted-space\">  <\/span>20 days and the arrival date: 100% of the stay is due. No request to postpone or refund will be considered. <\/p>\n<p>&gt; In case of no-show on the day of arrival, the total amount of the stay is due.<\/p>\n<p>&gt; Any commenced stay is due in its entirety.<\/p>\n<p class=\"p4\"><i>These cancellation conditions do not apply to &#8220;<\/i><b><i>Promotional Offers&#8221; or &#8220;Discount Offers&#8221;<\/i><\/b><i>; please refer to the Specific Terms of Sale relating to these Offers. <\/i><span class=\"s2\"> Stays benefiting from a Special Offer and\/or PROMO Offer are not cancellable, not changeable, and not refundable.<\/span><\/p>\n<p>&gt; For the comfort of our guests and the respect of our facilities, pets are not allowed. If you arrive with a pet, we will proceed with the cancellation of your stay without any possibility of refund. Thank you for your understanding.  <\/p>\n<p>&gt; As our facilities are not suitable for young children and our rooms can only accommodate a maximum of 2 people, we will not be able to welcome you with your baby and\/or child. If you arrive with a child or baby, or an additional person, we will proceed with the cancellation of your stay without any possibility of refund. Thank you for your understanding.  <\/p>\n<p>[\/et_pb_text][et_pb_text _builder_version=&#8221;4.27.6&#8243; _module_preset=&#8221;default&#8221; header_2_font_size=&#8221;28px&#8221; hover_enabled=&#8221;0&#8243; header_2_font_size_last_edited=&#8221;off|desktop&#8221; global_colors_info=&#8221;{}&#8221; sticky_enabled=&#8221;0&#8243;]<\/p>\n<h2>Hotel Liability<\/h2>\n<p>[\/et_pb_text][et_pb_text _builder_version=&#8221;4.27.6&#8243; _module_preset=&#8221;default&#8221; header_2_font_size=&#8221;25px&#8221; header_3_font=&#8221;&#8211;et_global_body_font||||||||&#8221; header_3_font_size=&#8221;20px&#8221; header_3_line_height=&#8221;2em&#8221; hover_enabled=&#8221;0&#8243; header_2_font_size_last_edited=&#8221;off|desktop&#8221; global_colors_info=&#8221;{}&#8221; sticky_enabled=&#8221;0&#8243;]<\/p>\n<p>&gt; In the event of lockdown or evacuation of the town imposed by the State, the stay may be postponed free of charge.<\/p>\n<p>&gt; In case of force majeure (technical, meteorological issues, etc.), the hotel reserves the right to cancel or modify your reservation.<\/p>\n<p>&gt; The hotel accepts no liability in the event of a personal issue<span class=\"Apple-converted-space\"> <\/span>on your part (health, family, etc.), unforeseen circumstances, or poor weather conditions announced during your stay that may lead to a cancellation.<\/p>\n<p>[\/et_pb_text][et_pb_text _builder_version=&#8221;4.27.5&#8243; _module_preset=&#8221;default&#8221; header_2_font_size=&#8221;28px&#8221; header_2_font_size_last_edited=&#8221;off|desktop&#8221; global_colors_info=&#8221;{}&#8221;]<\/p>\n<h2>Taxes<\/h2>\n<p>[\/et_pb_text][et_pb_text _builder_version=&#8221;4.27.6&#8243; _module_preset=&#8221;default&#8221; header_2_font_size=&#8221;25px&#8221; header_3_font=&#8221;&#8211;et_global_body_font||||||||&#8221; header_3_font_size=&#8221;20px&#8221; header_3_line_height=&#8221;2em&#8221; hover_enabled=&#8221;0&#8243; header_2_font_size_last_edited=&#8221;off|desktop&#8221; global_colors_info=&#8221;{}&#8221; sticky_enabled=&#8221;0&#8243;]<\/p>\n<p style=\"text-align: left;\">Prices include VAT. Tourist taxes will be payable on site (\u20ac1.65 per adult per night).<\/p>\n<p>[\/et_pb_text][et_pb_text _builder_version=&#8221;4.27.5&#8243; _module_preset=&#8221;default&#8221; header_2_font_size=&#8221;28px&#8221; header_2_font_size_last_edited=&#8221;off|desktop&#8221; global_colors_info=&#8221;{}&#8221;]<\/p>\n<h2>Miscellaneous<\/h2>\n<p>[\/et_pb_text][et_pb_text _builder_version=&#8221;4.27.5&#8243; _module_preset=&#8221;default&#8221; header_2_font_size=&#8221;25px&#8221; header_3_font=&#8221;&#8211;et_global_body_font||||||||&#8221; header_3_font_size=&#8221;20px&#8221; header_3_line_height=&#8221;2em&#8221; header_2_font_size_last_edited=&#8221;off|desktop&#8221; global_colors_info=&#8221;{}&#8221;]<\/p>\n<p style=\"text-align: left;\">Breakfasts, various consumptions, and bicycle rentals will be payable on site.<\/p>\n<p>[\/et_pb_text][et_pb_text _builder_version=&#8221;4.27.5&#8243; _module_preset=&#8221;default&#8221; header_2_font_size=&#8221;28px&#8221; header_2_font_size_last_edited=&#8221;off|desktop&#8221; global_colors_info=&#8221;{}&#8221;]<\/p>\n<h2>Gift Vouchers and Certificates<\/h2>\n<p>[\/et_pb_text][et_pb_text _builder_version=&#8221;4.27.6&#8243; _module_preset=&#8221;default&#8221; header_2_font_size=&#8221;25px&#8221; header_3_font=&#8221;&#8211;et_global_body_font||||||||&#8221; header_3_font_size=&#8221;20px&#8221; header_3_line_height=&#8221;2em&#8221; hover_enabled=&#8221;0&#8243; header_2_font_size_last_edited=&#8221;off|desktop&#8221; global_colors_info=&#8221;{}&#8221; sticky_enabled=&#8221;0&#8243;]<\/p>\n<p class=\"p1\">To pay for the gift card or gift voucher, a secure link will be sent to you.<\/p>\n<p class=\"p1\">To be validated, the amount of the gift card will be debited (via a secure link from Sogecommerce.soci\u00e9t\u00e9g\u00e9n\u00e9rale.eu).<\/p>\n<p class=\"p1\">The issued Gift Card is valid for 1 year from the date of purchase. After confirmation, no cancellation or refund will be allowed. Any expense above the amount of the gift card is extra.<\/p>\n<p class=\"p1\">The full amount of the gift card must be used in a single transaction; no refund or credit note will be issued. To book, the <span class=\"Apple-converted-space\">  <\/span>recipient of the gift voucher must contact the hotel directly by phone on <a href=\"tel:0546096053\">05 46 09 60 53<\/a> or by email: <a href=\"mailto:contact@ilesouslevent.com\"><span class=\"s1\">contact@ilesouslevent.com<\/span><\/a> (subject to availability).<\/p>\n<p>[\/et_pb_text][et_pb_text _builder_version=&#8221;4.27.5&#8243; _module_preset=&#8221;default&#8221; header_2_font_size=&#8221;28px&#8221; header_2_font_size_last_edited=&#8221;off|desktop&#8221; global_colors_info=&#8221;{}&#8221;]<\/p>\n<h2>Check-in Time \u2013 Check-out Time<\/h2>\n<p>[\/et_pb_text][et_pb_text _builder_version=&#8221;4.27.6&#8243; _module_preset=&#8221;default&#8221; header_2_font_size=&#8221;25px&#8221; header_3_font=&#8221;&#8211;et_global_body_font||||||||&#8221; header_3_font_size=&#8221;20px&#8221; header_3_line_height=&#8221;2em&#8221; hover_enabled=&#8221;0&#8243; header_2_font_size_last_edited=&#8221;off|desktop&#8221; global_colors_info=&#8221;{}&#8221; sticky_enabled=&#8221;0&#8243;]<\/p>\n<p class=\"p1\">Your room will be available from the time indicated below.<\/p>\n<p class=\"p1\">On the day of departure, you must vacate your room<span class=\"Apple-converted-space\"> <\/span>no later than the time indicated below.<\/p>\n<p class=\"p1\">A \u20ac50 surcharge may be charged if this latest check-out time is not respected.<\/p>\n<p class=\"p1\"><span class=\"s2\"><b>Check-in time <\/b><\/span><span class=\"s3\">: between 3:00 PM and 7:30 PM<\/span><\/p>\n<p class=\"p1\"><span class=\"s3\">For any late arrival, please let us know.<\/span><\/p>\n<p class=\"p3\"><span class=\"s1\"> <\/span><span class=\"s3\"><b>Latest check-out time<\/b><\/span><span class=\"s4\">: 11:00 AM<\/span><\/p>\n<p class=\"p3\"><span class=\"s1\"> <\/span><span class=\"s3\"><b>Reception opening hours<\/b><\/span><span class=\"s4\">: 8:30 AM\u201312:30 PM and 3:00 PM\u20137:30 PM<\/span><\/p>\n<p>[\/et_pb_text][et_pb_text _builder_version=&#8221;4.27.5&#8243; _dynamic_attributes=&#8221;content&#8221; _module_preset=&#8221;default&#8221; text_font=&#8221;||||on||||&#8221; global_colors_info=&#8221;{}&#8221;]@ET-DC@eyJkeW5hbWljIjp0cnVlLCJjb250ZW50IjoiY3VycmVudF9kYXRlIiwic2V0dGluZ3MiOnsiYmVmb3JlIjoiTGFzdCB1cGRhdGVkIG9uOiAgIiwiYWZ0ZXIiOiIiLCJkYXRlX2Zvcm1hdCI6ImRlZmF1bHQiLCJjdXN0b21fZGF0ZV9mb3JtYXQiOiIiLCJlbmFibGVfaHRtbCI6Im9mZiJ9fQ==@[\/et_pb_text][\/et_pb_column][\/et_pb_row][\/et_pb_section]<\/p>\n","protected":false},"excerpt":{"rendered":"<p>L&#8217;\u00cele Sous Le VentTerms of SaleBooking Guarantees for Your Stay&gt; A secure payment link (from Sogecommerce.soci\u00e9t\u00e9g\u00e9n\u00e9rale.eu) will be sent to you on the day you book; you will be asked to pay 30% of the accommodation amount. &gt; A second secure payment link will also be emailed to you 1 month before your arrival date to pay the remaining balance of your stay. &gt; For reservations made within 30 days before your arrival date, the total amount of your stay will be requested via a secure payment link or by direct debit from your credit card. &gt; For reservations made within 7 days before your arrival date, the total cost of the nights will be charged to your credit card. If you would like to pay all or part of your stay with ANCV holiday vouchers or Ch\u00e8ques Vacances Connect, please contact reception on 05 46 09 60 53 for details. In the final confirmation of your booking, you can insure your stay through our partner Gritchen Affinity Portal. Stays with &#8220;Promotional Offers&#8221; or &#8220;Discount Offers&#8221; must be paid in full at the time of booking via a secure payment link that will be sent to you, or by charging [&hellip;]<\/p>\n","protected":false},"author":2,"featured_media":1486,"parent":0,"menu_order":0,"comment_status":"closed","ping_status":"closed","template":"","meta":{"_et_pb_use_builder":"on","_et_pb_old_content":"","_et_gb_content_width":"","footnotes":""},"wf_page_folders":[21],"class_list":["post-1484","page","type-page","status-publish","has-post-thumbnail","hentry"],"_links":{"self":[{"href":"https:\/\/ilesouslevent.com\/en\/wp-json\/wp\/v2\/pages\/1484","targetHints":{"allow":["GET"]}}],"collection":[{"href":"https:\/\/ilesouslevent.com\/en\/wp-json\/wp\/v2\/pages"}],"about":[{"href":"https:\/\/ilesouslevent.com\/en\/wp-json\/wp\/v2\/types\/page"}],"author":[{"embeddable":true,"href":"https:\/\/ilesouslevent.com\/en\/wp-json\/wp\/v2\/users\/2"}],"replies":[{"embeddable":true,"href":"https:\/\/ilesouslevent.com\/en\/wp-json\/wp\/v2\/comments?post=1484"}],"version-history":[{"count":6,"href":"https:\/\/ilesouslevent.com\/en\/wp-json\/wp\/v2\/pages\/1484\/revisions"}],"predecessor-version":[{"id":1960,"href":"https:\/\/ilesouslevent.com\/en\/wp-json\/wp\/v2\/pages\/1484\/revisions\/1960"}],"wp:featuredmedia":[{"embeddable":true,"href":"https:\/\/ilesouslevent.com\/en\/wp-json\/wp\/v2\/media\/1486"}],"wp:attachment":[{"href":"https:\/\/ilesouslevent.com\/en\/wp-json\/wp\/v2\/media?parent=1484"}],"wp:term":[{"taxonomy":"wf_page_folders","embeddable":true,"href":"https:\/\/ilesouslevent.com\/en\/wp-json\/wp\/v2\/wf_page_folders?post=1484"}],"curies":[{"name":"wp","href":"https:\/\/api.w.org\/{rel}","templated":true}]}}